{"id":1201,"date":"2023-06-20T10:59:41","date_gmt":"2023-06-20T16:59:41","guid":{"rendered":"https:\/\/dgf.usac.edu.gt\/?page_id=1201"},"modified":"2023-06-20T10:59:43","modified_gmt":"2023-06-20T16:59:43","slug":"dependencias-y-jefaturas","status":"publish","type":"page","link":"https:\/\/dgf.usac.edu.gt\/dependencias-y-jefaturas\/","title":{"rendered":"Dependencias y Jefaturas"},"content":{"rendered":"\n<div class=\"wp-block-columns are-vertically-aligned-center is-layout-flex wp-container-core-columns-is-layout-9d6595d7 wp-block-columns-is-layout-flex\">\n<div class=\"wp-block-column is-vertically-aligned-center is-layout-flow wp-block-column-is-layout-flow\" style=\"flex-basis:33.33%\"><div class=\"wp-block-image\">\n<figure class=\"aligncenter size-full is-resized\"><img decoding=\"async\" src=\"https:\/\/dgf.usac.edu.gt\/wp-content\/uploads\/2021\/09\/dissDGF2020-04.png\" alt=\"\" class=\"wp-image-773\" width=\"182\" height=\"182\" srcset=\"https:\/\/dgf.usac.edu.gt\/wp-content\/uploads\/2021\/09\/dissDGF2020-04.png 350w, https:\/\/dgf.usac.edu.gt\/wp-content\/uploads\/2021\/09\/dissDGF2020-04-300x300.png 300w, https:\/\/dgf.usac.edu.gt\/wp-content\/uploads\/2021\/09\/dissDGF2020-04-150x150.png 150w, https:\/\/dgf.usac.edu.gt\/wp-content\/uploads\/2021\/09\/dissDGF2020-04-20x20.png 20w\" sizes=\"(max-width: 182px) 100vw, 182px\" \/><\/figure>\n<\/div><\/div>\n\n\n\n<div class=\"wp-block-column is-vertically-aligned-center is-layout-flow wp-block-column-is-layout-flow\" style=\"flex-basis:66.66%\">\n<p class=\"has-medium-font-size\"><strong>Lic.  Juan Alberto P\u00e9rez Mach<\/strong><\/p>\n\n\n\n<p class=\"has-normal-font-size\">Jefe<\/p>\n\n\n\n<p><strong>Departamento de Presupuesto<\/strong><\/p>\n\n\n\n<p> Tel.: 2418-7835 Ext.: 82180 <br><img decoding=\"async\" width=\"40\" height=\"40\" class=\"wp-image-771\" style=\"width: 40px;\" src=\"https:\/\/dgf.usac.edu.gt\/wp-content\/uploads\/2021\/09\/dissDGF2020-03.png\" alt=\"\" srcset=\"https:\/\/dgf.usac.edu.gt\/wp-content\/uploads\/2021\/09\/dissDGF2020-03.png 350w, https:\/\/dgf.usac.edu.gt\/wp-content\/uploads\/2021\/09\/dissDGF2020-03-300x300.png 300w, https:\/\/dgf.usac.edu.gt\/wp-content\/uploads\/2021\/09\/dissDGF2020-03-150x150.png 150w, https:\/\/dgf.usac.edu.gt\/wp-content\/uploads\/2021\/09\/dissDGF2020-03-20x20.png 20w\" sizes=\"(max-width: 40px) 100vw, 40px\" \/><a href=\"mailto:presupcorres@usac.edu.gt\">presupcorres@usac.edu.gt<\/a><\/p>\n<\/div>\n<\/div>\n\n\n\n<div class=\"wp-block-columns are-vertically-aligned-center is-layout-flex wp-container-core-columns-is-layout-9d6595d7 wp-block-columns-is-layout-flex\">\n<div class=\"wp-block-column is-vertically-aligned-center is-layout-flow wp-block-column-is-layout-flow\" style=\"flex-basis:33.33%\"><div class=\"wp-block-image\">\n<figure class=\"aligncenter size-full is-resized\"><img decoding=\"async\" src=\"https:\/\/dgf.usac.edu.gt\/wp-content\/uploads\/2021\/09\/dissDGF2020-04.png\" alt=\"\" class=\"wp-image-773\" width=\"200\" srcset=\"https:\/\/dgf.usac.edu.gt\/wp-content\/uploads\/2021\/09\/dissDGF2020-04.png 350w, https:\/\/dgf.usac.edu.gt\/wp-content\/uploads\/2021\/09\/dissDGF2020-04-300x300.png 300w, https:\/\/dgf.usac.edu.gt\/wp-content\/uploads\/2021\/09\/dissDGF2020-04-150x150.png 150w, https:\/\/dgf.usac.edu.gt\/wp-content\/uploads\/2021\/09\/dissDGF2020-04-20x20.png 20w\" sizes=\"(max-width: 350px) 100vw, 350px\" \/><\/figure>\n<\/div><\/div>\n\n\n\n<div class=\"wp-block-column is-vertically-aligned-center is-layout-flow wp-block-column-is-layout-flow\" style=\"flex-basis:66.66%\">\n<p class=\"has-medium-font-size\"><span style=\"\"><b>Lic. Jos\u00e9 <\/b><\/span><strong><strong>Rodr\u00edguez Melara<\/strong><\/strong><\/p>\n\n\n\n<p class=\"has-normal-font-size\">Contador General<\/p>\n\n\n\n<p><strong>Departamento de Contabilidad<\/strong><\/p>\n\n\n\n<p>Tel.: 2443-9649 Ext: 1222 \/ 9649<br><img decoding=\"async\" width=\"40\" height=\"40\" class=\"wp-image-771\" style=\"width: 40px;\" src=\"https:\/\/dgf.usac.edu.gt\/wp-content\/uploads\/2021\/09\/dissDGF2020-03.png\" alt=\"\" srcset=\"https:\/\/dgf.usac.edu.gt\/wp-content\/uploads\/2021\/09\/dissDGF2020-03.png 350w, https:\/\/dgf.usac.edu.gt\/wp-content\/uploads\/2021\/09\/dissDGF2020-03-300x300.png 300w, https:\/\/dgf.usac.edu.gt\/wp-content\/uploads\/2021\/09\/dissDGF2020-03-150x150.png 150w, https:\/\/dgf.usac.edu.gt\/wp-content\/uploads\/2021\/09\/dissDGF2020-03-20x20.png 20w\" sizes=\"(max-width: 40px) 100vw, 40px\" \/><a href=\"mailto:contacorres@usac.edu.gt\">corresconta@correoe.usac.edu.gt<\/a><\/p>\n<\/div>\n<\/div>\n\n\n\n<div class=\"wp-block-columns are-vertically-aligned-center is-layout-flex wp-container-core-columns-is-layout-9d6595d7 wp-block-columns-is-layout-flex\">\n<div class=\"wp-block-column is-vertically-aligned-center is-layout-flow wp-block-column-is-layout-flow\" style=\"flex-basis:33.33%\"><div class=\"wp-block-image\">\n<figure class=\"aligncenter size-full is-resized\"><img decoding=\"async\" src=\"https:\/\/dgf.usac.edu.gt\/wp-content\/uploads\/2021\/09\/dissDGF2020-04.png\" alt=\"\" class=\"wp-image-773\" width=\"200\" srcset=\"https:\/\/dgf.usac.edu.gt\/wp-content\/uploads\/2021\/09\/dissDGF2020-04.png 350w, https:\/\/dgf.usac.edu.gt\/wp-content\/uploads\/2021\/09\/dissDGF2020-04-300x300.png 300w, https:\/\/dgf.usac.edu.gt\/wp-content\/uploads\/2021\/09\/dissDGF2020-04-150x150.png 150w, https:\/\/dgf.usac.edu.gt\/wp-content\/uploads\/2021\/09\/dissDGF2020-04-20x20.png 20w\" sizes=\"(max-width: 350px) 100vw, 350px\" \/><\/figure>\n<\/div><\/div>\n\n\n\n<div class=\"wp-block-column is-vertically-aligned-center is-layout-flow wp-block-column-is-layout-flow\" style=\"flex-basis:66.66%\">\n<p class=\"has-medium-font-size\"><strong><strong>Lic. <\/strong>Francisco Peralta<\/strong> <\/p>\n\n\n\n<p class=\"has-normal-font-size\">Cajero General<\/p>\n\n\n\n<p><strong>Departamento de Caja Central<\/strong><\/p>\n\n\n\n<p>Tel.: 2418-8000  Ext.: 9647<br><img decoding=\"async\" width=\"40\" height=\"40\" class=\"wp-image-771\" style=\"width: 40px;\" src=\"https:\/\/dgf.usac.edu.gt\/wp-content\/uploads\/2021\/09\/dissDGF2020-03.png\" alt=\"\" srcset=\"https:\/\/dgf.usac.edu.gt\/wp-content\/uploads\/2021\/09\/dissDGF2020-03.png 350w, https:\/\/dgf.usac.edu.gt\/wp-content\/uploads\/2021\/09\/dissDGF2020-03-300x300.png 300w, https:\/\/dgf.usac.edu.gt\/wp-content\/uploads\/2021\/09\/dissDGF2020-03-150x150.png 150w, https:\/\/dgf.usac.edu.gt\/wp-content\/uploads\/2021\/09\/dissDGF2020-03-20x20.png 20w\" sizes=\"(max-width: 40px) 100vw, 40px\" \/><a href=\"mailto:cajacorres@usac.edu.gt\">cajacorres@usac.edu.gt<\/a><\/p>\n<\/div>\n<\/div>\n\n\n\n<div class=\"wp-block-columns are-vertically-aligned-center is-layout-flex wp-container-core-columns-is-layout-9d6595d7 wp-block-columns-is-layout-flex\">\n<div class=\"wp-block-column is-vertically-aligned-center is-layout-flow wp-block-column-is-layout-flow\" style=\"flex-basis:33.33%\"><div class=\"wp-block-image\">\n<figure class=\"aligncenter size-full is-resized\"><img decoding=\"async\" src=\"https:\/\/dgf.usac.edu.gt\/wp-content\/uploads\/2021\/09\/dissDGF2020-04.png\" alt=\"\" class=\"wp-image-773\" width=\"200\" srcset=\"https:\/\/dgf.usac.edu.gt\/wp-content\/uploads\/2021\/09\/dissDGF2020-04.png 350w, https:\/\/dgf.usac.edu.gt\/wp-content\/uploads\/2021\/09\/dissDGF2020-04-300x300.png 300w, https:\/\/dgf.usac.edu.gt\/wp-content\/uploads\/2021\/09\/dissDGF2020-04-150x150.png 150w, https:\/\/dgf.usac.edu.gt\/wp-content\/uploads\/2021\/09\/dissDGF2020-04-20x20.png 20w\" sizes=\"(max-width: 350px) 100vw, 350px\" \/><\/figure>\n<\/div><\/div>\n\n\n\n<div class=\"wp-block-column is-vertically-aligned-center is-layout-flow wp-block-column-is-layout-flow\" style=\"flex-basis:66.66%\">\n<p class=\"has-medium-font-size\"><strong>Ing. Marco Antonio Fuentes Hern\u00e1ndez<\/strong><\/p>\n\n\n\n<p class=\"has-normal-font-size\">Jefe<\/p>\n\n\n\n<p><strong>Departamento de Procesamiento de Datos<\/strong><\/p>\n\n\n\n<p>Tel.: 2418-9651<br><img decoding=\"async\" width=\"40\" height=\"40\" class=\"wp-image-771\" style=\"width: 40px;\" src=\"https:\/\/dgf.usac.edu.gt\/wp-content\/uploads\/2021\/09\/dissDGF2020-03.png\" alt=\"\" srcset=\"https:\/\/dgf.usac.edu.gt\/wp-content\/uploads\/2021\/09\/dissDGF2020-03.png 350w, https:\/\/dgf.usac.edu.gt\/wp-content\/uploads\/2021\/09\/dissDGF2020-03-300x300.png 300w, https:\/\/dgf.usac.edu.gt\/wp-content\/uploads\/2021\/09\/dissDGF2020-03-150x150.png 150w, https:\/\/dgf.usac.edu.gt\/wp-content\/uploads\/2021\/09\/dissDGF2020-03-20x20.png 20w\" sizes=\"(max-width: 40px) 100vw, 40px\" \/><a href=\"mailto:dpdcorres@usac.edu.gt\">dpdcorres@usac.edu.gt<\/a><\/p>\n<\/div>\n<\/div>\n\n\n\n<div class=\"wp-block-columns are-vertically-aligned-center is-layout-flex wp-container-core-columns-is-layout-9d6595d7 wp-block-columns-is-layout-flex\">\n<div class=\"wp-block-column is-vertically-aligned-center is-layout-flow wp-block-column-is-layout-flow\" style=\"flex-basis:33.33%\"><div class=\"wp-block-image\">\n<figure class=\"aligncenter size-full is-resized\"><img decoding=\"async\" src=\"https:\/\/dgf.usac.edu.gt\/wp-content\/uploads\/2021\/09\/dissDGF2020-04.png\" alt=\"\" class=\"wp-image-773\" width=\"200\" srcset=\"https:\/\/dgf.usac.edu.gt\/wp-content\/uploads\/2021\/09\/dissDGF2020-04.png 350w, https:\/\/dgf.usac.edu.gt\/wp-content\/uploads\/2021\/09\/dissDGF2020-04-300x300.png 300w, https:\/\/dgf.usac.edu.gt\/wp-content\/uploads\/2021\/09\/dissDGF2020-04-150x150.png 150w, https:\/\/dgf.usac.edu.gt\/wp-content\/uploads\/2021\/09\/dissDGF2020-04-20x20.png 20w\" sizes=\"(max-width: 350px) 100vw, 350px\" \/><\/figure>\n<\/div><\/div>\n\n\n\n<div class=\"wp-block-column is-vertically-aligned-center is-layout-flow wp-block-column-is-layout-flow\" style=\"flex-basis:66.66%\">\n<p class=\"has-medium-font-size\"><strong>Lic. Luis Antonio L\u00f3pez Montenegro<\/strong><\/p>\n\n\n\n<p class=\"has-normal-font-size\">Jefe<\/p>\n\n\n\n<p><strong>Departamento de Proveedur\u00eda<\/strong><\/p>\n\n\n\n<p>Tel.: 2418-9654<br><img decoding=\"async\" width=\"40\" height=\"40\" class=\"wp-image-771\" style=\"width: 40px;\" src=\"https:\/\/dgf.usac.edu.gt\/wp-content\/uploads\/2021\/09\/dissDGF2020-03.png\" alt=\"\" srcset=\"https:\/\/dgf.usac.edu.gt\/wp-content\/uploads\/2021\/09\/dissDGF2020-03.png 350w, https:\/\/dgf.usac.edu.gt\/wp-content\/uploads\/2021\/09\/dissDGF2020-03-300x300.png 300w, https:\/\/dgf.usac.edu.gt\/wp-content\/uploads\/2021\/09\/dissDGF2020-03-150x150.png 150w, https:\/\/dgf.usac.edu.gt\/wp-content\/uploads\/2021\/09\/dissDGF2020-03-20x20.png 20w\" sizes=\"(max-width: 40px) 100vw, 40px\" \/><a href=\"mailto:dpdcorres@usac.edu.gt\">provecorres@usac.edu.gt<\/a><\/p>\n<\/div>\n<\/div>\n\n\n\n<div class=\"wp-block-columns are-vertically-aligned-center is-layout-flex wp-container-core-columns-is-layout-9d6595d7 wp-block-columns-is-layout-flex\">\n<div class=\"wp-block-column is-vertically-aligned-center is-layout-flow wp-block-column-is-layout-flow\" style=\"flex-basis:33.33%\"><div class=\"wp-block-image\">\n<figure class=\"aligncenter size-full is-resized\"><img decoding=\"async\" src=\"https:\/\/dgf.usac.edu.gt\/wp-content\/uploads\/2021\/09\/dissDGF2020-05.png\" alt=\"\" class=\"wp-image-774\" width=\"200\" srcset=\"https:\/\/dgf.usac.edu.gt\/wp-content\/uploads\/2021\/09\/dissDGF2020-05.png 350w, https:\/\/dgf.usac.edu.gt\/wp-content\/uploads\/2021\/09\/dissDGF2020-05-300x300.png 300w, https:\/\/dgf.usac.edu.gt\/wp-content\/uploads\/2021\/09\/dissDGF2020-05-150x150.png 150w, https:\/\/dgf.usac.edu.gt\/wp-content\/uploads\/2021\/09\/dissDGF2020-05-20x20.png 20w\" sizes=\"(max-width: 350px) 100vw, 350px\" \/><\/figure>\n<\/div><\/div>\n\n\n\n<div class=\"wp-block-column is-vertically-aligned-center is-layout-flow wp-block-column-is-layout-flow\" style=\"flex-basis:66.66%\">\n<p class=\"has-medium-font-size\"><strong>MSc. Olga Janet Madariaga Monroy<\/strong><\/p>\n\n\n\n<p class=\"has-normal-font-size\">Jefe<\/p>\n\n\n\n<p><strong>Secci\u00f3n de Cobros<\/strong><\/p>\n\n\n\n<p>Tel.: 2418-7961, 2418-3667. Extensi\u00f3n: 82461, 82462, 1208<br><img decoding=\"async\" width=\"40\" height=\"40\" class=\"wp-image-771\" style=\"width: 40px;\" src=\"https:\/\/dgf.usac.edu.gt\/wp-content\/uploads\/2021\/09\/dissDGF2020-03.png\" alt=\"\" srcset=\"https:\/\/dgf.usac.edu.gt\/wp-content\/uploads\/2021\/09\/dissDGF2020-03.png 350w, https:\/\/dgf.usac.edu.gt\/wp-content\/uploads\/2021\/09\/dissDGF2020-03-300x300.png 300w, https:\/\/dgf.usac.edu.gt\/wp-content\/uploads\/2021\/09\/dissDGF2020-03-150x150.png 150w, https:\/\/dgf.usac.edu.gt\/wp-content\/uploads\/2021\/09\/dissDGF2020-03-20x20.png 20w\" sizes=\"(max-width: 40px) 100vw, 40px\" \/> <a href=\"cobroscorres@usac.edu.gt\">cobroscorres@usac.edu.gt<\/a><\/p>\n<\/div>\n<\/div>\n","protected":false},"excerpt":{"rendered":"<p>Lic. Juan Alberto P\u00e9rez Mach Jefe Departamento de Presupuesto Tel.: 2418-7835 Ext.: 82180 presupcorres@usac.edu.gt Lic. Jos\u00e9 Rodr\u00edguez Melara Contador General Departamento de Contabilidad Tel.: 2443-9649 Ext: 1222 \/ 9649corresconta@correoe.usac.edu.gt Lic. Francisco Peralta Cajero General Departamento de Caja Central Tel.: 2418-8000 Ext.: 9647cajacorres@usac.edu.gt Ing. Marco Antonio Fuentes Hern\u00e1ndez Jefe Departamento de Procesamiento de Datos Tel.: 2418-9651dpdcorres@usac.edu.gt [&hellip;]<\/p>\n","protected":false},"author":1,"featured_media":0,"parent":0,"menu_order":0,"comment_status":"closed","ping_status":"closed","template":"","meta":{"iawp_total_views":97,"footnotes":""},"class_list":["post-1201","page","type-page","status-publish","czr-hentry"],"_links":{"self":[{"href":"https:\/\/dgf.usac.edu.gt\/wp-json\/wp\/v2\/pages\/1201","targetHints":{"allow":["GET"]}}],"collection":[{"href":"https:\/\/dgf.usac.edu.gt\/wp-json\/wp\/v2\/pages"}],"about":[{"href":"https:\/\/dgf.usac.edu.gt\/wp-json\/wp\/v2\/types\/page"}],"author":[{"embeddable":true,"href":"https:\/\/dgf.usac.edu.gt\/wp-json\/wp\/v2\/users\/1"}],"replies":[{"embeddable":true,"href":"https:\/\/dgf.usac.edu.gt\/wp-json\/wp\/v2\/comments?post=1201"}],"version-history":[{"count":1,"href":"https:\/\/dgf.usac.edu.gt\/wp-json\/wp\/v2\/pages\/1201\/revisions"}],"predecessor-version":[{"id":1203,"href":"https:\/\/dgf.usac.edu.gt\/wp-json\/wp\/v2\/pages\/1201\/revisions\/1203"}],"wp:attachment":[{"href":"https:\/\/dgf.usac.edu.gt\/wp-json\/wp\/v2\/media?parent=1201"}],"curies":[{"name":"wp","href":"https:\/\/api.w.org\/{rel}","templated":true}]}}